{"id":4262,"date":"2026-02-04T15:57:24","date_gmt":"2026-02-04T15:57:24","guid":{"rendered":"https:\/\/heavypro.eu\/toode\/kaablihaagis\/"},"modified":"2026-02-07T17:00:44","modified_gmt":"2026-02-07T17:00:44","slug":"kaablihaagis","status":"publish","type":"product","link":"https:\/\/heavypro.eu\/en\/toode\/kaablihaagis\/","title":{"rendered":"Kaablihaagis JKS 1000V"},"content":{"rendered":"<p>Ripptelg, reguleeritav tugiratas, automaatse tagurpidik\u00e4iguga peales\u00f5idupidur ja seisupidur, 12 V LED-tulede s\u00fcsteem kaitsekatetega, helkurid, laagritega trummel\u00adtelg, trummeltelje lukustusk\u00e4bid, vintsiga trumlit\u00f5stuk, trumlit\u00f5stuki abivedru ning automaatne lukustuss\u00fcsteem on kasutusel trumlialustel.<\/p>\n","protected":false},"excerpt":{"rendered":"<p>Ripptelg, reguleeritav tugiratas, automaatse tagurpidik\u00e4iguga peales\u00f5idupidur ja seisupidur, 12 V LED-tulede s\u00fcsteem kaitsekatetega, helkurid, laagritega trummel\u00adtelg, trummeltelje lukustusk\u00e4bid, vintsiga trumlit\u00f5stuk, trumlit\u00f5stuki abivedru ning automaatne lukustuss\u00fcsteem on kasutusel trumlialustel.<\/p>\n","protected":false},"featured_media":4264,"comment_status":"open","ping_status":"closed","template":"","meta":{"_acf_changed":false},"product_brand":[],"product_cat":[129,135],"product_tag":[],"drilling_product":[],"class_list":{"0":"post-4262","1":"product","2":"type-product","3":"status-publish","4":"has-post-thumbnail","6":"product_cat-elektri-kaablitood","7":"product_cat-kaablihaagised","9":"first","10":"instock","11":"taxable","12":"shipping-taxable","13":"product-type-simple"},"acf":[],"jetpack_sharing_enabled":true,"_links":{"self":[{"href":"https:\/\/heavypro.eu\/en\/wp-json\/wp\/v2\/product\/4262","targetHints":{"allow":["GET"]}}],"collection":[{"href":"https:\/\/heavypro.eu\/en\/wp-json\/wp\/v2\/product"}],"about":[{"href":"https:\/\/heavypro.eu\/en\/wp-json\/wp\/v2\/types\/product"}],"replies":[{"embeddable":true,"href":"https:\/\/heavypro.eu\/en\/wp-json\/wp\/v2\/comments?post=4262"}],"wp:featuredmedia":[{"embeddable":true,"href":"https:\/\/heavypro.eu\/en\/wp-json\/wp\/v2\/media\/4264"}],"wp:attachment":[{"href":"https:\/\/heavypro.eu\/en\/wp-json\/wp\/v2\/media?parent=4262"}],"wp:term":[{"taxonomy":"product_brand","embeddable":true,"href":"https:\/\/heavypro.eu\/en\/wp-json\/wp\/v2\/product_brand?post=4262"},{"taxonomy":"product_cat","embeddable":true,"href":"https:\/\/heavypro.eu\/en\/wp-json\/wp\/v2\/product_cat?post=4262"},{"taxonomy":"product_tag","embeddable":true,"href":"https:\/\/heavypro.eu\/en\/wp-json\/wp\/v2\/product_tag?post=4262"},{"taxonomy":"drilling_product","embeddable":true,"href":"https:\/\/heavypro.eu\/en\/wp-json\/wp\/v2\/drilling_product?post=4262"}],"curies":[{"name":"wp","href":"https:\/\/api.w.org\/{rel}","templated":true}]}}