{"id":4152,"date":"2026-02-07T13:36:18","date_gmt":"2026-02-07T13:36:18","guid":{"rendered":"https:\/\/heavypro.eu\/toode\/vio38-6\/"},"modified":"2026-02-07T17:00:41","modified_gmt":"2026-02-07T17:00:41","slug":"vio38-6","status":"publish","type":"product","link":"https:\/\/heavypro.eu\/fi\/toode\/vio38-6\/","title":{"rendered":"Yanmar VIO38-6"},"content":{"rendered":"<p>Masin t\u00f6\u00f6tab ilusti ja lekked puuduvad. K\u00f5ik hooldused tehtud esinduses.<\/p>\n","protected":false},"excerpt":{"rendered":"<p>Masin t\u00f6\u00f6tab ilusti ja lekked puuduvad. K\u00f5ik hooldused tehtud esinduses.<\/p>\n","protected":false},"featured_media":4164,"comment_status":"open","ping_status":"closed","template":"","meta":{"_acf_changed":false},"product_brand":[],"product_cat":[105],"product_tag":[106,107],"drilling_product":[],"class_list":{"0":"post-4152","1":"product","2":"type-product","3":"status-publish","4":"has-post-thumbnail","6":"product_cat-kasutatud-tehnika","7":"product_tag-ekskavaatorid","8":"product_tag-kobelco","10":"first","11":"instock","12":"taxable","13":"shipping-taxable","14":"purchasable","15":"product-type-simple"},"acf":[],"jetpack_sharing_enabled":true,"_links":{"self":[{"href":"https:\/\/heavypro.eu\/fi\/wp-json\/wp\/v2\/product\/4152","targetHints":{"allow":["GET"]}}],"collection":[{"href":"https:\/\/heavypro.eu\/fi\/wp-json\/wp\/v2\/product"}],"about":[{"href":"https:\/\/heavypro.eu\/fi\/wp-json\/wp\/v2\/types\/product"}],"replies":[{"embeddable":true,"href":"https:\/\/heavypro.eu\/fi\/wp-json\/wp\/v2\/comments?post=4152"}],"wp:featuredmedia":[{"embeddable":true,"href":"https:\/\/heavypro.eu\/fi\/wp-json\/wp\/v2\/media\/4164"}],"wp:attachment":[{"href":"https:\/\/heavypro.eu\/fi\/wp-json\/wp\/v2\/media?parent=4152"}],"wp:term":[{"taxonomy":"product_brand","embeddable":true,"href":"https:\/\/heavypro.eu\/fi\/wp-json\/wp\/v2\/product_brand?post=4152"},{"taxonomy":"product_cat","embeddable":true,"href":"https:\/\/heavypro.eu\/fi\/wp-json\/wp\/v2\/product_cat?post=4152"},{"taxonomy":"product_tag","embeddable":true,"href":"https:\/\/heavypro.eu\/fi\/wp-json\/wp\/v2\/product_tag?post=4152"},{"taxonomy":"drilling_product","embeddable":true,"href":"https:\/\/heavypro.eu\/fi\/wp-json\/wp\/v2\/drilling_product?post=4152"}],"curies":[{"name":"wp","href":"https:\/\/api.w.org\/{rel}","templated":true}]}}