{"id":4222,"date":"2026-02-06T18:58:25","date_gmt":"2026-02-06T18:58:25","guid":{"rendered":"https:\/\/heavypro.eu\/toode\/paralleelkaablid-f2001is-generaatorile\/"},"modified":"2026-02-07T17:00:42","modified_gmt":"2026-02-07T17:00:42","slug":"paralleelkaablid-f2001is-generaatorile","status":"publish","type":"product","link":"https:\/\/heavypro.eu\/fi\/toode\/paralleelkaablid-f2001is-generaatorile\/","title":{"rendered":"Paralleelkaablid F2001iS generaatorile"},"content":{"rendered":"<p>See kaabel v\u00f5imaldab \u00fchendada <strong data-start=\"131\" data-end=\"174\">kaks F2001iS generaatorit paralleelselt<\/strong>, et suurendada koguv\u00f5imsust ja tagada stabiilsem elektrivarustus. Paralleel\u00fchendus on ideaalne lahendus olukordades, kus \u00fche generaatori v\u00f5imsusest ei piisa, kuid soovid s\u00e4ilitada kompaktse ja paindliku lahenduse.<\/p>\n","protected":false},"excerpt":{"rendered":"<p>See kaabel v\u00f5imaldab \u00fchendada kaks F2001iS generaatorit paralleelselt, et suurendada koguv\u00f5imsust ja tagada stabiilsem elektrivarustus. Paralleel\u00fchendus on ideaalne lahendus olukordades, kus \u00fche generaatori v\u00f5imsusest ei piisa, kuid soovid s\u00e4ilitada kompaktse ja paindliku lahenduse.<\/p>\n","protected":false},"featured_media":4223,"comment_status":"open","ping_status":"closed","template":"","meta":{"_acf_changed":false},"product_brand":[],"product_cat":[113,114],"product_tag":[],"drilling_product":[],"class_list":{"0":"post-4222","1":"product","2":"type-product","3":"status-publish","4":"has-post-thumbnail","6":"product_cat-fogo","7":"product_cat-lisavarustus","9":"first","10":"instock","11":"taxable","12":"shipping-taxable","13":"purchasable","14":"product-type-simple"},"acf":[],"jetpack_sharing_enabled":true,"_links":{"self":[{"href":"https:\/\/heavypro.eu\/fi\/wp-json\/wp\/v2\/product\/4222","targetHints":{"allow":["GET"]}}],"collection":[{"href":"https:\/\/heavypro.eu\/fi\/wp-json\/wp\/v2\/product"}],"about":[{"href":"https:\/\/heavypro.eu\/fi\/wp-json\/wp\/v2\/types\/product"}],"replies":[{"embeddable":true,"href":"https:\/\/heavypro.eu\/fi\/wp-json\/wp\/v2\/comments?post=4222"}],"wp:featuredmedia":[{"embeddable":true,"href":"https:\/\/heavypro.eu\/fi\/wp-json\/wp\/v2\/media\/4223"}],"wp:attachment":[{"href":"https:\/\/heavypro.eu\/fi\/wp-json\/wp\/v2\/media?parent=4222"}],"wp:term":[{"taxonomy":"product_brand","embeddable":true,"href":"https:\/\/heavypro.eu\/fi\/wp-json\/wp\/v2\/product_brand?post=4222"},{"taxonomy":"product_cat","embeddable":true,"href":"https:\/\/heavypro.eu\/fi\/wp-json\/wp\/v2\/product_cat?post=4222"},{"taxonomy":"product_tag","embeddable":true,"href":"https:\/\/heavypro.eu\/fi\/wp-json\/wp\/v2\/product_tag?post=4222"},{"taxonomy":"drilling_product","embeddable":true,"href":"https:\/\/heavypro.eu\/fi\/wp-json\/wp\/v2\/drilling_product?post=4222"}],"curies":[{"name":"wp","href":"https:\/\/api.w.org\/{rel}","templated":true}]}}