{"id":4256,"date":"2026-02-04T16:01:14","date_gmt":"2026-02-04T16:01:14","guid":{"rendered":"https:\/\/heavypro.eu\/toode\/kaablilukkaja-vtl-400\/"},"modified":"2026-02-07T17:00:44","modified_gmt":"2026-02-07T17:00:44","slug":"kaablilukkaja-vtl-400","status":"publish","type":"product","link":"https:\/\/heavypro.eu\/fi\/toode\/kaablilukkaja-vtl-400\/","title":{"rendered":"Kaablil\u00fckkaja VTL-400"},"content":{"rendered":"<p data-start=\"44\" data-end=\"283\"><strong data-start=\"44\" data-end=\"109\">VTL-400 on t\u00f5eline uus mitmeotstarbeline seade kaablit\u00f6\u00f6deks.<\/strong> T\u00e4nu oma kergusele ja kompaktsele suurusele on seda lihtne teisaldada ning kasutada klaaskiudvarda v\u00f5i kaabli t\u00f5mbamise ja l\u00fckkamise seadmena erinevatel kaablit\u00f6\u00f6objektidel.<\/p>\n<p data-start=\"285\" data-end=\"566\" data-is-last-node=\"\" data-is-only-node=\"\">N\u00f5udlikes kaablit\u00f6\u00f6des saab seadmeid paigutada mitu t\u00fckki erinevatesse kohtadesse t\u00f5mbe-\/l\u00fckkeprotsessi jooksul, et j\u00f5ud oleks suunatud t\u00e4pselt \u00f5igesse punkti ja \u00f5igesse suunda. Seadet saab \u201eankurdada\u201d maapinna k\u00fclge v\u00f5i n\u00e4iteks kaablikanalisatsiooni (kaevu) seinte ja p\u00f5hja k\u00fclge.<\/p>\n","protected":false},"excerpt":{"rendered":"<p>VTL-400 on t\u00f5eline uus mitmeotstarbeline seade kaablit\u00f6\u00f6deks. T\u00e4nu oma kergusele ja kompaktsele suurusele on seda lihtne teisaldada ning kasutada klaaskiudvarda v\u00f5i kaabli t\u00f5mbamise ja l\u00fckkamise seadmena erinevatel kaablit\u00f6\u00f6objektidel. N\u00f5udlikes kaablit\u00f6\u00f6des saab seadmeid paigutada mitu t\u00fckki erinevatesse kohtadesse t\u00f5mbe-\/l\u00fckkeprotsessi jooksul, et j\u00f5ud oleks suunatud t\u00e4pselt \u00f5igesse punkti ja \u00f5igesse suunda. Seadet saab \u201eankurdada\u201d maapinna k\u00fclge v\u00f5i [&hellip;]<\/p>\n","protected":false},"featured_media":4258,"comment_status":"open","ping_status":"closed","template":"","meta":{"_acf_changed":false},"product_brand":[],"product_cat":[131,132],"product_tag":[],"drilling_product":[],"class_list":{"0":"post-4256","1":"product","2":"type-product","3":"status-publish","4":"has-post-thumbnail","6":"product_cat-elektri-kaablitood","7":"product_cat-kaablilukkajad","9":"first","10":"instock","11":"taxable","12":"shipping-taxable","13":"product-type-simple"},"acf":[],"jetpack_sharing_enabled":true,"_links":{"self":[{"href":"https:\/\/heavypro.eu\/fi\/wp-json\/wp\/v2\/product\/4256","targetHints":{"allow":["GET"]}}],"collection":[{"href":"https:\/\/heavypro.eu\/fi\/wp-json\/wp\/v2\/product"}],"about":[{"href":"https:\/\/heavypro.eu\/fi\/wp-json\/wp\/v2\/types\/product"}],"replies":[{"embeddable":true,"href":"https:\/\/heavypro.eu\/fi\/wp-json\/wp\/v2\/comments?post=4256"}],"wp:featuredmedia":[{"embeddable":true,"href":"https:\/\/heavypro.eu\/fi\/wp-json\/wp\/v2\/media\/4258"}],"wp:attachment":[{"href":"https:\/\/heavypro.eu\/fi\/wp-json\/wp\/v2\/media?parent=4256"}],"wp:term":[{"taxonomy":"product_brand","embeddable":true,"href":"https:\/\/heavypro.eu\/fi\/wp-json\/wp\/v2\/product_brand?post=4256"},{"taxonomy":"product_cat","embeddable":true,"href":"https:\/\/heavypro.eu\/fi\/wp-json\/wp\/v2\/product_cat?post=4256"},{"taxonomy":"product_tag","embeddable":true,"href":"https:\/\/heavypro.eu\/fi\/wp-json\/wp\/v2\/product_tag?post=4256"},{"taxonomy":"drilling_product","embeddable":true,"href":"https:\/\/heavypro.eu\/fi\/wp-json\/wp\/v2\/drilling_product?post=4256"}],"curies":[{"name":"wp","href":"https:\/\/api.w.org\/{rel}","templated":true}]}}