{"id":4776,"date":"2025-12-21T22:41:07","date_gmt":"2025-12-21T22:41:07","guid":{"rendered":"https:\/\/heavypro.eu\/toode\/fd-30-b-q\/"},"modified":"2026-02-07T17:03:35","modified_gmt":"2026-02-07T17:03:35","slug":"fd-30-b-q","status":"publish","type":"product","link":"https:\/\/heavypro.eu\/fi\/toode\/fd-30-b-q\/","title":{"rendered":"FD 30 B-Q"},"content":{"rendered":"","protected":false},"excerpt":{"rendered":"<ul>\n<li>L\u00fchisvool 270% kuni 10 s<\/li>\n<li>Digitaalne AVR 3-faasilise m\u00f5\u00f5tmise ja stabiliseerimisega \u00b10,25%<\/li>\n<li>Generaatori kaitse k\u00e4sitsi ja automaatre\u017eiimis<\/li>\n<li>Pikendatud t\u00f6\u00f6aeg t\u00e4nu kahekordsetele k\u00fctusepaakidele (standardvarustuses)<\/li>\n<li>Keskkonnas\u00f5bralik disain<\/li>\n<li>Ladustamiseks ja transportimiseks virnastatav<\/li>\n<li>4 t\u00f5stepunkti ohutuks ja stabiilseks t\u00f5stmiseks kraana v\u00f5i t\u00f5steseadmega<\/li>\n<li>Lihtne hoolduse ligip\u00e4\u00e4s<\/li>\n<li>V\u00f5imalus paigaldada lisapistikuid ja -kaitseid<\/li>\n<li>UV-kindel kontrolleri kaitse<\/li>\n<li>Valmistatud Poolas<\/li>\n<\/ul>\n","protected":false},"featured_media":4777,"comment_status":"open","ping_status":"closed","template":"","meta":{"_acf_changed":false},"product_brand":[],"product_cat":[160,113],"product_tag":[],"drilling_product":[],"class_list":{"0":"post-4776","1":"product","2":"type-product","3":"status-publish","4":"has-post-thumbnail","6":"product_cat-diiselgeneraatorid","7":"product_cat-fogo","9":"first","10":"instock","11":"taxable","12":"shipping-taxable","13":"product-type-simple"},"acf":[],"jetpack_sharing_enabled":true,"_links":{"self":[{"href":"https:\/\/heavypro.eu\/fi\/wp-json\/wp\/v2\/product\/4776","targetHints":{"allow":["GET"]}}],"collection":[{"href":"https:\/\/heavypro.eu\/fi\/wp-json\/wp\/v2\/product"}],"about":[{"href":"https:\/\/heavypro.eu\/fi\/wp-json\/wp\/v2\/types\/product"}],"replies":[{"embeddable":true,"href":"https:\/\/heavypro.eu\/fi\/wp-json\/wp\/v2\/comments?post=4776"}],"wp:featuredmedia":[{"embeddable":true,"href":"https:\/\/heavypro.eu\/fi\/wp-json\/wp\/v2\/media\/4777"}],"wp:attachment":[{"href":"https:\/\/heavypro.eu\/fi\/wp-json\/wp\/v2\/media?parent=4776"}],"wp:term":[{"taxonomy":"product_brand","embeddable":true,"href":"https:\/\/heavypro.eu\/fi\/wp-json\/wp\/v2\/product_brand?post=4776"},{"taxonomy":"product_cat","embeddable":true,"href":"https:\/\/heavypro.eu\/fi\/wp-json\/wp\/v2\/product_cat?post=4776"},{"taxonomy":"product_tag","embeddable":true,"href":"https:\/\/heavypro.eu\/fi\/wp-json\/wp\/v2\/product_tag?post=4776"},{"taxonomy":"drilling_product","embeddable":true,"href":"https:\/\/heavypro.eu\/fi\/wp-json\/wp\/v2\/drilling_product?post=4776"}],"curies":[{"name":"wp","href":"https:\/\/api.w.org\/{rel}","templated":true}]}}