{"id":5241,"date":"2025-12-21T22:35:12","date_gmt":"2025-12-21T22:35:12","guid":{"rendered":"https:\/\/heavypro.eu\/toode\/f-7001-r\/"},"modified":"2026-02-07T17:04:54","modified_gmt":"2026-02-07T17:04:54","slug":"f-7001-r","status":"publish","type":"product","link":"https:\/\/heavypro.eu\/fi\/toode\/f-7001-r\/","title":{"rendered":"F 7001 R"},"content":{"rendered":"<p>FOGO on Poolas asuv generaatorite tootja, kes on turul juba \u00fcle 25 aasta ning mille bensiinigeneraatorid on m\u00f5eldud vastupidavaks, usaldusv\u00e4\u00e4rseks ja p\u00fcsivaks v\u00f5imsuse allikaks erinevates tingimustes. FOGO generaatorid sobivad nii ehitusplatsidele, aiat\u00f6\u00f6dele, kodukasutusse kui ka varutoiteallikaks elektrikatkestuste korral.<\/p>\n","protected":false},"excerpt":{"rendered":"<p>Maksimaalne v\u00f5imsus: <strong>6,2 kW<\/strong><br \/>\nPinge: <strong>230V<\/strong><br \/>\nSagedus: <strong>50 Hz<\/strong><br \/>\nHarmooniline moonutus (THD): <strong>\u22646%<\/strong><br \/>\nGeneraatori kaitsetase: <strong>IP23<\/strong><br \/>\nMootor: <strong>Rato<\/strong><br \/>\nPinge reguleerimise s\u00fcsteem: <strong>DVR<\/strong><br \/>\n<strong>(Automaatne digitaalne pingeregulaator)<\/strong><\/p>\n","protected":false},"featured_media":5242,"comment_status":"open","ping_status":"closed","template":"","meta":{"_acf_changed":false},"product_brand":[],"product_cat":[166,113],"product_tag":[],"drilling_product":[],"class_list":{"0":"post-5241","1":"product","2":"type-product","3":"status-publish","4":"has-post-thumbnail","6":"product_cat-bensiinigeneraatorid","7":"product_cat-fogo","9":"first","10":"instock","11":"taxable","12":"shipping-taxable","13":"purchasable","14":"product-type-simple"},"acf":[],"jetpack_sharing_enabled":true,"_links":{"self":[{"href":"https:\/\/heavypro.eu\/fi\/wp-json\/wp\/v2\/product\/5241","targetHints":{"allow":["GET"]}}],"collection":[{"href":"https:\/\/heavypro.eu\/fi\/wp-json\/wp\/v2\/product"}],"about":[{"href":"https:\/\/heavypro.eu\/fi\/wp-json\/wp\/v2\/types\/product"}],"replies":[{"embeddable":true,"href":"https:\/\/heavypro.eu\/fi\/wp-json\/wp\/v2\/comments?post=5241"}],"wp:featuredmedia":[{"embeddable":true,"href":"https:\/\/heavypro.eu\/fi\/wp-json\/wp\/v2\/media\/5242"}],"wp:attachment":[{"href":"https:\/\/heavypro.eu\/fi\/wp-json\/wp\/v2\/media?parent=5241"}],"wp:term":[{"taxonomy":"product_brand","embeddable":true,"href":"https:\/\/heavypro.eu\/fi\/wp-json\/wp\/v2\/product_brand?post=5241"},{"taxonomy":"product_cat","embeddable":true,"href":"https:\/\/heavypro.eu\/fi\/wp-json\/wp\/v2\/product_cat?post=5241"},{"taxonomy":"product_tag","embeddable":true,"href":"https:\/\/heavypro.eu\/fi\/wp-json\/wp\/v2\/product_tag?post=5241"},{"taxonomy":"drilling_product","embeddable":true,"href":"https:\/\/heavypro.eu\/fi\/wp-json\/wp\/v2\/drilling_product?post=5241"}],"curies":[{"name":"wp","href":"https:\/\/api.w.org\/{rel}","templated":true}]}}