{"id":5295,"date":"2025-12-21T22:35:11","date_gmt":"2025-12-21T22:35:11","guid":{"rendered":"https:\/\/heavypro.eu\/toode\/kramer-5085\/"},"modified":"2026-02-07T17:05:16","modified_gmt":"2026-02-07T17:05:16","slug":"kramer-5085","status":"publish","type":"product","link":"https:\/\/heavypro.eu\/fi\/toode\/kramer-5085\/","title":{"rendered":"Kramer 5085"},"content":{"rendered":"<p>Heas korras Kramer 5085 hooldatud ametlikus esinduses ja ajalugu teada.<br \/>\nM\u00f5\u00f5dud (P x L x K): 5270 x 1740 x 2480 mm<br \/>\nKomplektis: Alusekahvlid. V\u00f5imalik osta ka kopp lisatasu eest.<br \/>\nRendifirma vahetab v\u00e4lja masinaid. Masin asub Leedus. Hinnale lisandub k\u00e4ibemaks<br \/>\n\u201cWacker Neuson KRAMER 5085\u201d on hooldatud ja teenindatud ametlikus \u201cWacker Neusoni\u201d teeninduses, seega on meil t\u00e4ielik remondit\u00f6\u00f6de ajalugu.<\/p>\n","protected":false},"excerpt":{"rendered":"<p>Heas korras Kramer 5085 hooldatud ametlikus esinduses ja ajalugu teada. M\u00f5\u00f5dud (P x L x K): 5270 x 1740 x 2480 mm Komplektis: Alusekahvlid. V\u00f5imalik osta ka kopp lisatasu eest. Rendifirma vahetab v\u00e4lja masinaid. Masin asub Leedus. Hinnale lisandub k\u00e4ibemaks \u201cWacker Neuson KRAMER 5085\u201d on hooldatud ja teenindatud ametlikus \u201cWacker Neusoni\u201d teeninduses, seega on meil [&hellip;]<\/p>\n","protected":false},"featured_media":5296,"comment_status":"open","ping_status":"closed","template":"","meta":{"_acf_changed":false},"product_brand":[],"product_cat":[105],"product_tag":[171,181],"drilling_product":[],"class_list":{"0":"post-5295","1":"product","2":"type-product","3":"status-publish","4":"has-post-thumbnail","6":"product_cat-kasutatud-tehnika","7":"product_tag-kasutatud","8":"product_tag-laadurid","10":"first","11":"instock","12":"taxable","13":"shipping-taxable","14":"purchasable","15":"product-type-simple"},"acf":[],"jetpack_sharing_enabled":true,"_links":{"self":[{"href":"https:\/\/heavypro.eu\/fi\/wp-json\/wp\/v2\/product\/5295","targetHints":{"allow":["GET"]}}],"collection":[{"href":"https:\/\/heavypro.eu\/fi\/wp-json\/wp\/v2\/product"}],"about":[{"href":"https:\/\/heavypro.eu\/fi\/wp-json\/wp\/v2\/types\/product"}],"replies":[{"embeddable":true,"href":"https:\/\/heavypro.eu\/fi\/wp-json\/wp\/v2\/comments?post=5295"}],"wp:featuredmedia":[{"embeddable":true,"href":"https:\/\/heavypro.eu\/fi\/wp-json\/wp\/v2\/media\/5296"}],"wp:attachment":[{"href":"https:\/\/heavypro.eu\/fi\/wp-json\/wp\/v2\/media?parent=5295"}],"wp:term":[{"taxonomy":"product_brand","embeddable":true,"href":"https:\/\/heavypro.eu\/fi\/wp-json\/wp\/v2\/product_brand?post=5295"},{"taxonomy":"product_cat","embeddable":true,"href":"https:\/\/heavypro.eu\/fi\/wp-json\/wp\/v2\/product_cat?post=5295"},{"taxonomy":"product_tag","embeddable":true,"href":"https:\/\/heavypro.eu\/fi\/wp-json\/wp\/v2\/product_tag?post=5295"},{"taxonomy":"drilling_product","embeddable":true,"href":"https:\/\/heavypro.eu\/fi\/wp-json\/wp\/v2\/drilling_product?post=5295"}],"curies":[{"name":"wp","href":"https:\/\/api.w.org\/{rel}","templated":true}]}}