{"id":4206,"date":"2026-02-07T13:26:43","date_gmt":"2026-02-07T13:26:43","guid":{"rendered":"https:\/\/heavypro.eu\/toode\/sk270srlc-7\/"},"modified":"2026-02-07T17:00:42","modified_gmt":"2026-02-07T17:00:42","slug":"sk270srlc-7","status":"publish","type":"product","link":"https:\/\/heavypro.eu\/ru\/toode\/sk270srlc-7\/","title":{"rendered":"Kobelco SK270SRLC-7"},"content":{"rendered":"<p>Hea varustusega kasutatud ekskavaator Kobelco SK270SRLC-7<br \/>\nP\u00f6\u00f6rdpea Rototilt R6 haaratsiga<br \/>\nKeskm\u00e4\u00e4re<br \/>\nEbersp\u00e4cher<br \/>\nLed t\u00f6\u00f6tuled 14 tk<br \/>\nKaevekopad puuduvad saab osta lisaks<br \/>\nMasin asub Rootsis<\/p>\n","protected":false},"excerpt":{"rendered":"<p>Hea varustusega kasutatud ekskavaator Kobelco SK270SRLC-7 P\u00f6\u00f6rdpea Rototilt R6 haaratsiga Keskm\u00e4\u00e4re Ebersp\u00e4cher Led t\u00f6\u00f6tuled 14 tk Kaevekopad puuduvad saab osta lisaks Masin asub Rootsis<\/p>\n","protected":false},"featured_media":4219,"comment_status":"open","ping_status":"closed","template":"","meta":{"_acf_changed":false},"product_brand":[],"product_cat":[108],"product_tag":[109,110],"drilling_product":[],"class_list":{"0":"post-4206","1":"product","2":"type-product","3":"status-publish","4":"has-post-thumbnail","6":"product_cat-kasutatud-tehnika","7":"product_tag-ekskavaatorid","8":"product_tag-kobelco","10":"first","11":"instock","12":"taxable","13":"shipping-taxable","14":"purchasable","15":"product-type-simple"},"acf":[],"jetpack_sharing_enabled":true,"_links":{"self":[{"href":"https:\/\/heavypro.eu\/ru\/wp-json\/wp\/v2\/product\/4206","targetHints":{"allow":["GET"]}}],"collection":[{"href":"https:\/\/heavypro.eu\/ru\/wp-json\/wp\/v2\/product"}],"about":[{"href":"https:\/\/heavypro.eu\/ru\/wp-json\/wp\/v2\/types\/product"}],"replies":[{"embeddable":true,"href":"https:\/\/heavypro.eu\/ru\/wp-json\/wp\/v2\/comments?post=4206"}],"wp:featuredmedia":[{"embeddable":true,"href":"https:\/\/heavypro.eu\/ru\/wp-json\/wp\/v2\/media\/4219"}],"wp:attachment":[{"href":"https:\/\/heavypro.eu\/ru\/wp-json\/wp\/v2\/media?parent=4206"}],"wp:term":[{"taxonomy":"product_brand","embeddable":true,"href":"https:\/\/heavypro.eu\/ru\/wp-json\/wp\/v2\/product_brand?post=4206"},{"taxonomy":"product_cat","embeddable":true,"href":"https:\/\/heavypro.eu\/ru\/wp-json\/wp\/v2\/product_cat?post=4206"},{"taxonomy":"product_tag","embeddable":true,"href":"https:\/\/heavypro.eu\/ru\/wp-json\/wp\/v2\/product_tag?post=4206"},{"taxonomy":"drilling_product","embeddable":true,"href":"https:\/\/heavypro.eu\/ru\/wp-json\/wp\/v2\/drilling_product?post=4206"}],"curies":[{"name":"wp","href":"https:\/\/api.w.org\/{rel}","templated":true}]}}