{"id":4245,"date":"2026-02-06T16:07:56","date_gmt":"2026-02-06T16:07:56","guid":{"rendered":"https:\/\/heavypro.eu\/toode\/weda-d30n\/"},"modified":"2026-02-07T17:00:43","modified_gmt":"2026-02-07T17:00:43","slug":"weda-d30n","status":"publish","type":"product","link":"https:\/\/heavypro.eu\/ru\/toode\/weda-d30n\/","title":{"rendered":"Weda D30N"},"content":{"rendered":"<p data-start=\"58\" data-end=\"279\"><strong data-start=\"58\" data-end=\"93\">Atlas Copco WEDA D30N sukelpump<\/strong> on suure j\u00f5udlusega kuivenduspump, mille t\u00f6\u00f6kindlus on t\u00f5estatud t\u00e4nu WEDA pumpade unikaalsele konstruktsioonile, mis tagab k\u00f5rge korrosioonikindluse v\u00e4ga erinevates kasutustingimustes.<\/p>\n<p data-start=\"281\" data-end=\"518\">Kuna kuivenduse vajadused varieeruvad s\u00f5ltuvalt asukohast ja kasutusotstarbest, on Atlas Copco WEDA sukelpumpade valik arendatud spetsiaalselt erinevateks rakendusteks: puhta vee ja drenaa\u017ei jaoks (D), muda jaoks (S) ning l\u00e4ga jaoks (L).<\/p>\n<p data-start=\"520\" data-end=\"580\">See konkreetne WEDA sukelpump kuulub <strong data-start=\"557\" data-end=\"577\">WEDA D-seeriasse<\/strong>.<\/p>\n","protected":false},"excerpt":{"rendered":"<p>Atlas Copco WEDA D30N sukelpump on suure j\u00f5udlusega kuivenduspump, mille t\u00f6\u00f6kindlus on t\u00f5estatud t\u00e4nu WEDA pumpade unikaalsele konstruktsioonile, mis tagab k\u00f5rge korrosioonikindluse v\u00e4ga erinevates kasutustingimustes. Kuna kuivenduse vajadused varieeruvad s\u00f5ltuvalt asukohast ja kasutusotstarbest, on Atlas Copco WEDA sukelpumpade valik arendatud spetsiaalselt erinevateks rakendusteks: puhta vee ja drenaa\u017ei jaoks (D), muda jaoks (S) ning l\u00e4ga jaoks [&hellip;]<\/p>\n","protected":false},"featured_media":4246,"comment_status":"open","ping_status":"closed","template":"","meta":{"_acf_changed":false},"product_brand":[],"product_cat":[127,128],"product_tag":[],"drilling_product":[],"class_list":{"0":"post-4245","1":"product","2":"type-product","3":"status-publish","4":"has-post-thumbnail","6":"product_cat-atlas-copco","7":"product_cat-drenaazipumbad","9":"first","10":"instock","11":"taxable","12":"shipping-taxable","13":"product-type-simple"},"acf":[],"jetpack_sharing_enabled":true,"_links":{"self":[{"href":"https:\/\/heavypro.eu\/ru\/wp-json\/wp\/v2\/product\/4245","targetHints":{"allow":["GET"]}}],"collection":[{"href":"https:\/\/heavypro.eu\/ru\/wp-json\/wp\/v2\/product"}],"about":[{"href":"https:\/\/heavypro.eu\/ru\/wp-json\/wp\/v2\/types\/product"}],"replies":[{"embeddable":true,"href":"https:\/\/heavypro.eu\/ru\/wp-json\/wp\/v2\/comments?post=4245"}],"wp:featuredmedia":[{"embeddable":true,"href":"https:\/\/heavypro.eu\/ru\/wp-json\/wp\/v2\/media\/4246"}],"wp:attachment":[{"href":"https:\/\/heavypro.eu\/ru\/wp-json\/wp\/v2\/media?parent=4245"}],"wp:term":[{"taxonomy":"product_brand","embeddable":true,"href":"https:\/\/heavypro.eu\/ru\/wp-json\/wp\/v2\/product_brand?post=4245"},{"taxonomy":"product_cat","embeddable":true,"href":"https:\/\/heavypro.eu\/ru\/wp-json\/wp\/v2\/product_cat?post=4245"},{"taxonomy":"product_tag","embeddable":true,"href":"https:\/\/heavypro.eu\/ru\/wp-json\/wp\/v2\/product_tag?post=4245"},{"taxonomy":"drilling_product","embeddable":true,"href":"https:\/\/heavypro.eu\/ru\/wp-json\/wp\/v2\/drilling_product?post=4245"}],"curies":[{"name":"wp","href":"https:\/\/api.w.org\/{rel}","templated":true}]}}