{"id":4277,"date":"2026-02-04T15:51:41","date_gmt":"2026-02-04T15:51:41","guid":{"rendered":"https:\/\/heavypro.eu\/toode\/valjaheitetoru-25-m-50mm\/"},"modified":"2026-02-07T17:00:45","modified_gmt":"2026-02-07T17:00:45","slug":"valjaheitetoru-25-m-50mm","status":"publish","type":"product","link":"https:\/\/heavypro.eu\/ru\/toode\/valjaheitetoru-25-m-50mm\/","title":{"rendered":"V\u00e4ljaheitetoru 2,5m\/50mm"},"content":{"rendered":"<p data-start=\"95\" data-end=\"275\">See v\u00e4ljaheitetoru aitab <strong data-start=\"120\" data-end=\"161\">juhtida generaatori heitgaasid eemale<\/strong>.\u00a0Sobib kasutamiseks FOGO generaatoriga, kui on vaja suunata heitgaasid ohutumasse kohta ja hoida t\u00f6\u00f6ala puhtamana. Lihtne paigaldada ja praktiline abivahend igap\u00e4evaseks kasutamiseks.<\/p>\n","protected":false},"excerpt":{"rendered":"<p>See v\u00e4ljaheitetoru aitab juhtida generaatori heitgaasid eemale.\u00a0Sobib kasutamiseks FOGO generaatoriga, kui on vaja suunata heitgaasid ohutumasse kohta ja hoida t\u00f6\u00f6ala puhtamana. Lihtne paigaldada ja praktiline abivahend igap\u00e4evaseks kasutamiseks.<\/p>\n","protected":false},"featured_media":4279,"comment_status":"open","ping_status":"closed","template":"","meta":{"_acf_changed":false},"product_brand":[],"product_cat":[115,116],"product_tag":[],"drilling_product":[],"class_list":{"0":"post-4277","1":"product","2":"type-product","3":"status-publish","4":"has-post-thumbnail","6":"product_cat-fogo","7":"product_cat-lisavarustus","9":"first","10":"instock","11":"taxable","12":"shipping-taxable","13":"purchasable","14":"product-type-simple"},"acf":[],"jetpack_sharing_enabled":true,"_links":{"self":[{"href":"https:\/\/heavypro.eu\/ru\/wp-json\/wp\/v2\/product\/4277","targetHints":{"allow":["GET"]}}],"collection":[{"href":"https:\/\/heavypro.eu\/ru\/wp-json\/wp\/v2\/product"}],"about":[{"href":"https:\/\/heavypro.eu\/ru\/wp-json\/wp\/v2\/types\/product"}],"replies":[{"embeddable":true,"href":"https:\/\/heavypro.eu\/ru\/wp-json\/wp\/v2\/comments?post=4277"}],"wp:featuredmedia":[{"embeddable":true,"href":"https:\/\/heavypro.eu\/ru\/wp-json\/wp\/v2\/media\/4279"}],"wp:attachment":[{"href":"https:\/\/heavypro.eu\/ru\/wp-json\/wp\/v2\/media?parent=4277"}],"wp:term":[{"taxonomy":"product_brand","embeddable":true,"href":"https:\/\/heavypro.eu\/ru\/wp-json\/wp\/v2\/product_brand?post=4277"},{"taxonomy":"product_cat","embeddable":true,"href":"https:\/\/heavypro.eu\/ru\/wp-json\/wp\/v2\/product_cat?post=4277"},{"taxonomy":"product_tag","embeddable":true,"href":"https:\/\/heavypro.eu\/ru\/wp-json\/wp\/v2\/product_tag?post=4277"},{"taxonomy":"drilling_product","embeddable":true,"href":"https:\/\/heavypro.eu\/ru\/wp-json\/wp\/v2\/drilling_product?post=4277"}],"curies":[{"name":"wp","href":"https:\/\/api.w.org\/{rel}","templated":true}]}}